{"id":32,"date":"2020-11-05T15:49:10","date_gmt":"2020-11-05T15:49:10","guid":{"rendered":"http:\/\/divinespapr.kalehm.com\/?page_id=32"},"modified":"2021-01-18T13:40:57","modified_gmt":"2021-01-18T13:40:57","slug":"contacto","status":"publish","type":"page","link":"https:\/\/divinespapr.com\/en\/contacto\/","title":{"rendered":"Contact"},"content":{"rendered":"<section class=\"section\" id=\"section_227022272\">\n\t\t<div class=\"bg section-bg fill bg-fill\" >\n\n\t\t\t\n\t\t\t<div class=\"section-bg-overlay absolute fill\"><\/div>\n\t\t\t\n\t<div class=\"is-border\"\n\t\tstyle=\"border-color:rgb(235, 235, 235);border-width:1px 0px 0px 0px;\">\n\t<\/div>\n\n\t\t<\/div><!-- .section-bg -->\n\n\t\t<div class=\"section-content relative\">\n\t\t\t\n\n<div class=\"row\"  id=\"row-91504013\">\n\n<div class=\"col medium-7 small-12 large-7\"  ><div class=\"col-inner\"  >\n\n\n<div class=\"wpcf7 no-js\" id=\"wpcf7-f44-o1\" lang=\"en-US\" dir=\"ltr\">\n<div class=\"screen-reader-response\"><p role=\"status\" aria-live=\"polite\" aria-atomic=\"true\"><\/p> <ul><\/ul><\/div>\n<form action=\"\/en\/wp-json\/wp\/v2\/pages\/32#wpcf7-f44-o1\" method=\"post\" class=\"wpcf7-form init\" aria-label=\"Contact form\" novalidate=\"novalidate\" data-status=\"init\" data-trp-original-action=\"\/en\/wp-json\/wp\/v2\/pages\/32#wpcf7-f44-o1\">\n<div style=\"display: none;\">\n<input type=\"hidden\" name=\"_wpcf7\" value=\"44\" \/>\n<input type=\"hidden\" name=\"_wpcf7_version\" value=\"5.8.6\" \/>\n<input type=\"hidden\" name=\"_wpcf7_locale\" value=\"en_US\" \/>\n<input type=\"hidden\" name=\"_wpcf7_unit_tag\" value=\"wpcf7-f44-o1\" \/>\n<input type=\"hidden\" name=\"_wpcf7_container_post\" value=\"0\" \/>\n<input type=\"hidden\" name=\"_wpcf7_posted_data_hash\" value=\"\" \/>\n<\/div>\n<p><label> Name*<br \/>\n<span class=\"wpcf7-form-control-wrap\" data-name=\"your-name\"><input size=\"40\" class=\"wpcf7-form-control wpcf7-text wpcf7-validates-as-required\" aria-required=\"true\" aria-invalid=\"false\" value=\"\" type=\"text\" name=\"your-name\" \/><\/span> <\/label>\n<\/p>\n<p><label> Email*<br \/>\n<span class=\"wpcf7-form-control-wrap\" data-name=\"your-email\"><input size=\"40\" class=\"wpcf7-form-control wpcf7-email wpcf7-validates-as-required wpcf7-text wpcf7-validates-as-email\" aria-required=\"true\" aria-invalid=\"false\" value=\"\" type=\"email\" name=\"your-email\" \/><\/span> <\/label>\n<\/p>\n<p><label> Telephone<br \/>\n<span class=\"wpcf7-form-control-wrap\" data-name=\"your-tele\"><input size=\"40\" class=\"wpcf7-form-control wpcf7-tel wpcf7-text wpcf7-validates-as-tel\" aria-invalid=\"false\" value=\"\" type=\"tel\" name=\"your-tele\" \/><\/span> <\/label>\n<\/p>\n<p><label> Message<br \/>\n<span class=\"wpcf7-form-control-wrap\" data-name=\"your-message\"><input size=\"40\" class=\"wpcf7-form-control wpcf7-text\" aria-invalid=\"false\" value=\"\" type=\"text\" name=\"your-message\" \/><\/span> <\/label>\n<\/p>\n<p><input class=\"wpcf7-form-control wpcf7-submit has-spinner\" type=\"submit\" value=\"Enviar\" \/>\n<\/p><div class=\"wpcf7-response-output\" aria-hidden=\"true\"><\/div>\n<input type=\"hidden\" name=\"trp-form-language\" value=\"en\"\/><\/form>\n<\/div>\n\n\n\n<\/div><\/div>\n<div class=\"col medium-5 small-12 large-5\"  data-animate=\"flipInY\"><div class=\"col-inner text-center text-shadow-1\" style=\"background-color:rgba(200, 236, 176, 0.4);padding:10px 0px 0px 0px;\" >\n\n<h2 style=\"text-align: center;\"><span style=\"color: #ffba00;\">Divine Spa<\/span><\/h2>\n<p style=\"text-align: center;\">Edif. Alc\u00e1zar Boulevard Miguel A. Pou<br \/>00716 Ponce PR<\/p>\n<hr \/>\n<p style=\"text-align: center;\">(787) 284-0800<\/p>\n<p style=\"text-align: center;\">divine@divinespapr.com<\/p>\n<hr \/>\n<p style=\"text-align: center;\">Para m\u00e1s informaci\u00f3n:<\/p>\n<div class=\"social-icons follow-icons\" ><a href=\"https:\/\/www.facebook.com\/divinespapr\/\" target=\"_blank\" data-label=\"Facebook\"  rel=\"noopener noreferrer nofollow\" class=\"icon primary button circle facebook tooltip\" title=\"Follow on Facebook\"><i class=\"icon-facebook\" ><\/i><\/a><a href=\"https:\/\/twitter.com\/sq_divinespa\" target=\"_blank\"  data-label=\"Twitter\"  rel=\"noopener noreferrer nofollow\" class=\"icon primary button circle  twitter tooltip\" title=\"Follow on Twitter\"><i class=\"icon-twitter\" ><\/i><\/a><a href=\"mailto:divine@divinespapr.com\" data-label=\"E-mail\"  rel=\"nofollow\" class=\"icon primary button circle  email tooltip\" title=\"Send us an email\"><i class=\"icon-envelop\" ><\/i><\/a><a href=\"tel:787-284-0800\" target=\"_blank\"  data-label=\"Phone\"  rel=\"noopener noreferrer nofollow\" class=\"icon primary button circle  phone tooltip\" title=\"Call us\"><i class=\"icon-phone\" ><\/i><\/a><\/div>\n\n\n<\/div><\/div>\n\n<\/div>\n\n\t\t<\/div><!-- .section-content -->\n\n\t\t\n<style scope=\"scope\">\n\n#section_227022272 {\n  padding-top: 60px;\n  padding-bottom: 60px;\n  min-height: 300px;\n}\n#section_227022272 .section-bg-overlay {\n  background-color: rgba(255,255,255,.5);\n}\n#section_227022272 .section-bg.bg-loaded {\n  background-image: url(https:\/\/divinespapr.com\/wp-content\/uploads\/2020\/11\/spa-composition-with-the-aroma-of-modern-oil-diffuser-with-body-care-products-twisted-white-towels-spring-greens-and-flowers-spa-concept-for-body-and-health-care-scaled.jpg);\n}\n#section_227022272 .section-bg {\n  background-position: 0% 100%;\n}\n<\/style>\n\t<\/section>\n\t\n\t<div id=\"gap-1894017849\" class=\"gap-element clearfix\" style=\"display:block; height:auto;\">\n\t\t\n<style scope=\"scope\">\n\n#gap-1894017849 {\n  padding-top: 15px;\n}\n<\/style>\n\t<\/div>\n\t\n\n  <div class=\"banner-grid-wrapper\">\n  <div id=\"banner-grid-892492145\" class=\"banner-grid row row-grid row-small row-box-shadow-2 row-box-shadow-3-hover row-full-width\" data-packery-options=\"\">\n                      \n\n<div class=\"col grid-col large-3 grid-col-1\" ><div class=\"col-inner\">\n\n\t<div class=\"img has-hover x md-x lg-x y md-y lg-y\" id=\"image_1301077999\">\n\t\t\t\t\t\t\t\t<div class=\"img-inner dark\" >\n\t\t\t<img loading=\"lazy\" decoding=\"async\" width=\"965\" height=\"1024\" src=\"https:\/\/divinespapr.com\/wp-content\/uploads\/2021\/01\/IMG_8405-965x1024.png\" class=\"attachment-large size-large\" alt=\"\" srcset=\"https:\/\/divinespapr.com\/wp-content\/uploads\/2021\/01\/IMG_8405-965x1024.png 965w, https:\/\/divinespapr.com\/wp-content\/uploads\/2021\/01\/IMG_8405-283x300.png 283w, https:\/\/divinespapr.com\/wp-content\/uploads\/2021\/01\/IMG_8405-768x815.png 768w, https:\/\/divinespapr.com\/wp-content\/uploads\/2021\/01\/IMG_8405-11x12.png 11w, https:\/\/divinespapr.com\/wp-content\/uploads\/2021\/01\/IMG_8405-600x637.png 600w, https:\/\/divinespapr.com\/wp-content\/uploads\/2021\/01\/IMG_8405.png 1035w\" sizes=\"(max-width: 965px) 100vw, 965px\" \/>\t\t\t\t\t\t\n\t\t\t\t\t<\/div>\n\t\t\t\t\t\t\t\t\n<style scope=\"scope\">\n\n#image_1301077999 {\n  width: 100%;\n}\n<\/style>\n\t<\/div>\n\t\n\n\n<\/div><\/div>\n<div class=\"col grid-col large-6 grid-col-1\" ><div class=\"col-inner\">\n\n\n  <div class=\"banner has-hover\" id=\"banner-1420230448\">\n          <div class=\"banner-inner fill\">\n        <div class=\"banner-bg fill\" >\n            <div class=\"bg fill bg-fill\"><\/div>\n                        <div class=\"overlay\"><\/div>            \n                    <\/div><!-- bg-layers -->\n        <div class=\"banner-layers container\">\n            <div class=\"fill banner-link\"><\/div>            \n\n   <div id=\"text-box-1567925047\" class=\"text-box banner-layer x50 md-x50 lg-x50 y50 md-y50 lg-y50 res-text\">\n                                <div class=\"text box-shadow-2 box-shadow-3-hover dark text-shadow-2\">\n              \n              <div class=\"text-inner text-center\">\n                  \n\n<h2>Maquillaje Natural<\/h2>\n<p>Puede que hayas visto el confinamiento como una excusa para relajarte un poco, darle descanso y respiro de tantos productos cosm\u00e9ticos a la piel y eso ser\u00eda excelente si estos momentos te lo permiten. Si por otro lado necesitas continuar utilizando un maquillaje b\u00e1sico te recomendamos cuidar lo que apliques en tu piel y utilizar un maquillaje seguro para tu piel.<\/p>\n<p>En Divine Spa contamos con la l\u00ednea b\u00e1sica de maquillaje Repechage. En estos momentos podemos ayudarte, esta l\u00ednea es a base de minerales, algas y no contiene aceites.. Esta l\u00ednea cuenta con un acabado perfecto y natural. Si interesas adquirirla puedes comunicarte enviando un mensaje por WhatsApp para orientarte.<\/p>\n\n              <\/div>\n           <\/div><!-- text-box-inner -->\n                            \n<style scope=\"scope\">\n\n#text-box-1567925047 .text {\n  background-color: rgba(0, 0, 0, 0.5);\n  border-radius: 30px;\n  font-size: 170%;\n}\n#text-box-1567925047 .text-inner {\n  padding: 2px 5px 10px 5px;\n}\n#text-box-1567925047 {\n  width: 84%;\n}\n<\/style>\n    <\/div><!-- text-box -->\n \n\n        <\/div><!-- .banner-layers -->\n      <\/div><!-- .banner-inner -->\n\n            \n<style scope=\"scope\">\n\n#banner-1420230448 {\n  padding-top: 500px;\n}\n#banner-1420230448 .bg.bg-loaded {\n  background-image: url(https:\/\/divinespapr.com\/wp-content\/uploads\/2020\/11\/spa-arrangement-with-candles-towel-1024x683.jpg);\n}\n#banner-1420230448 .overlay {\n  background-color: rgba(0, 0, 0, 0.3);\n}\n<\/style>\n  <\/div><!-- .banner -->\n\n\n\n<\/div><\/div>\n<div class=\"col grid-col large-3 grid-col-1-2\" ><div class=\"col-inner\">\n\n\t<div class=\"img has-hover x md-x lg-x y md-y lg-y\" id=\"image_1744175497\">\n\t\t\t\t\t\t\t\t<div class=\"img-inner dark\" >\n\t\t\t<img loading=\"lazy\" decoding=\"async\" width=\"1020\" height=\"888\" src=\"https:\/\/divinespapr.com\/wp-content\/uploads\/2021\/01\/20200417_172814-1024x891.jpg\" class=\"attachment-large size-large\" alt=\"\" srcset=\"https:\/\/divinespapr.com\/wp-content\/uploads\/2021\/01\/20200417_172814-1024x891.jpg 1024w, https:\/\/divinespapr.com\/wp-content\/uploads\/2021\/01\/20200417_172814-300x261.jpg 300w, https:\/\/divinespapr.com\/wp-content\/uploads\/2021\/01\/20200417_172814-768x668.jpg 768w, https:\/\/divinespapr.com\/wp-content\/uploads\/2021\/01\/20200417_172814-14x12.jpg 14w, https:\/\/divinespapr.com\/wp-content\/uploads\/2021\/01\/20200417_172814-600x522.jpg 600w, https:\/\/divinespapr.com\/wp-content\/uploads\/2021\/01\/20200417_172814.jpg 1048w\" sizes=\"(max-width: 1020px) 100vw, 1020px\" \/>\t\t\t\t\t\t\n\t\t\t\t\t<\/div>\n\t\t\t\t\t\t\t\t\n<style scope=\"scope\">\n\n#image_1744175497 {\n  width: 100%;\n}\n<\/style>\n\t<\/div>\n\t\n\n\n<\/div><\/div>\n<div class=\"col grid-col large-3 grid-col-1-2\" ><div class=\"col-inner\">\n\n\t<div class=\"img has-hover x md-x lg-x y md-y lg-y\" id=\"image_95418696\">\n\t\t\t\t\t\t\t\t<div class=\"img-inner dark\" >\n\t\t\t<img loading=\"lazy\" decoding=\"async\" width=\"1020\" height=\"916\" src=\"https:\/\/divinespapr.com\/wp-content\/uploads\/2021\/01\/IMG_8404-1024x920.png\" class=\"attachment-large size-large\" alt=\"\" srcset=\"https:\/\/divinespapr.com\/wp-content\/uploads\/2021\/01\/IMG_8404-1024x920.png 1024w, https:\/\/divinespapr.com\/wp-content\/uploads\/2021\/01\/IMG_8404-300x269.png 300w, https:\/\/divinespapr.com\/wp-content\/uploads\/2021\/01\/IMG_8404-768x690.png 768w, https:\/\/divinespapr.com\/wp-content\/uploads\/2021\/01\/IMG_8404-13x12.png 13w, https:\/\/divinespapr.com\/wp-content\/uploads\/2021\/01\/IMG_8404-600x539.png 600w, https:\/\/divinespapr.com\/wp-content\/uploads\/2021\/01\/IMG_8404.png 1080w\" sizes=\"(max-width: 1020px) 100vw, 1020px\" \/>\t\t\t\t\t\t\n\t\t\t\t\t<\/div>\n\t\t\t\t\t\t\t\t\n<style scope=\"scope\">\n\n#image_95418696 {\n  width: 100%;\n}\n<\/style>\n\t<\/div>\n\t\n\n\n<\/div><\/div>\n\n            <\/div><!-- .banner-grid .row .grid -->\n    <style scope=\"scope\">\n    #banner-grid-892492145 .grid-col-1{height: 600px}\n    #banner-grid-892492145 .grid-col-1-2{height: 300px}\n    #banner-grid-892492145 .grid-col-1-3{height:200px}\n    #banner-grid-892492145 .grid-col-2-3{height: 400px}\n    #banner-grid-892492145 .grid-col-1-4{height: 150px}\n    #banner-grid-892492145 .grid-col-3-4{height: 450px}\n\n\n    \n    \n\n  <\/style>\n    <\/div><!-- .banner-grid-wrapper -->","protected":false},"excerpt":{"rendered":"","protected":false},"author":2,"featured_media":0,"parent":0,"menu_order":0,"comment_status":"closed","ping_status":"closed","template":"","meta":{"footnotes":""},"yoast_head":"<!-- This site is optimized with the Yoast SEO plugin v21.9.1 - https:\/\/yoast.com\/wordpress\/plugins\/seo\/ -->\n<title>Contacto ~ Divine Spa<\/title>\n<meta name=\"robots\" content=\"index, follow, max-snippet:-1, max-image-preview:large, max-video-preview:-1\" \/>\n<link rel=\"canonical\" href=\"https:\/\/divinespapr.com\/en\/contacto\/\" \/>\n<meta property=\"og:locale\" content=\"en_US\" \/>\n<meta property=\"og:type\" content=\"article\" \/>\n<meta property=\"og:title\" content=\"Contacto ~ Divine Spa\" \/>\n<meta property=\"og:url\" content=\"https:\/\/divinespapr.com\/en\/contacto\/\" \/>\n<meta property=\"og:site_name\" content=\"Divine Spa\" \/>\n<meta property=\"article:publisher\" content=\"https:\/\/www.facebook.com\/divinespapr\" \/>\n<meta property=\"article:modified_time\" content=\"2021-01-18T13:40:57+00:00\" \/>\n<meta name=\"twitter:card\" content=\"summary_large_image\" \/>\n<meta name=\"twitter:site\" content=\"@sq_divinespa\" \/>\n<meta name=\"twitter:label1\" content=\"Est. reading time\" \/>\n\t<meta name=\"twitter:data1\" content=\"1 minute\" \/>\n<script type=\"application\/ld+json\" class=\"yoast-schema-graph\">{\"@context\":\"https:\/\/schema.org\",\"@graph\":[{\"@type\":\"WebPage\",\"@id\":\"https:\/\/divinespapr.com\/contacto\/\",\"url\":\"https:\/\/divinespapr.com\/contacto\/\",\"name\":\"Contacto ~ Divine Spa\",\"isPartOf\":{\"@id\":\"https:\/\/divinespapr.com\/#website\"},\"datePublished\":\"2020-11-05T15:49:10+00:00\",\"dateModified\":\"2021-01-18T13:40:57+00:00\",\"breadcrumb\":{\"@id\":\"https:\/\/divinespapr.com\/contacto\/#breadcrumb\"},\"inLanguage\":\"en-US\",\"potentialAction\":[{\"@type\":\"ReadAction\",\"target\":[\"https:\/\/divinespapr.com\/contacto\/\"]}]},{\"@type\":\"BreadcrumbList\",\"@id\":\"https:\/\/divinespapr.com\/contacto\/#breadcrumb\",\"itemListElement\":[{\"@type\":\"ListItem\",\"position\":1,\"name\":\"Home\",\"item\":\"https:\/\/divinespapr.com\/\"},{\"@type\":\"ListItem\",\"position\":2,\"name\":\"Contacto\"}]},{\"@type\":\"WebSite\",\"@id\":\"https:\/\/divinespapr.com\/#website\",\"url\":\"https:\/\/divinespapr.com\/\",\"name\":\"Divine Spa\",\"description\":\"\",\"publisher\":{\"@id\":\"https:\/\/divinespapr.com\/#organization\"},\"potentialAction\":[{\"@type\":\"SearchAction\",\"target\":{\"@type\":\"EntryPoint\",\"urlTemplate\":\"https:\/\/divinespapr.com\/?s={search_term_string}\"},\"query-input\":\"required name=search_term_string\"}],\"inLanguage\":\"en-US\"},{\"@type\":\"Organization\",\"@id\":\"https:\/\/divinespapr.com\/#organization\",\"name\":\"Divine Spa\",\"url\":\"https:\/\/divinespapr.com\/\",\"logo\":{\"@type\":\"ImageObject\",\"inLanguage\":\"en-US\",\"@id\":\"https:\/\/divinespapr.com\/#\/schema\/logo\/image\/\",\"url\":\"https:\/\/divinespapr.com\/wp-content\/uploads\/2020\/12\/cropped-Divine_Spa_Logo2.png\",\"contentUrl\":\"https:\/\/divinespapr.com\/wp-content\/uploads\/2020\/12\/cropped-Divine_Spa_Logo2.png\",\"width\":512,\"height\":512,\"caption\":\"Divine Spa\"},\"image\":{\"@id\":\"https:\/\/divinespapr.com\/#\/schema\/logo\/image\/\"},\"sameAs\":[\"https:\/\/www.facebook.com\/divinespapr\",\"https:\/\/twitter.com\/sq_divinespa\",\"https:\/\/www.instagram.com\/divinespaponce\/\"]}]}<\/script>\n<!-- \/ Yoast SEO plugin. -->","yoast_head_json":{"title":"Contacto ~ Divine Spa","robots":{"index":"index","follow":"follow","max-snippet":"max-snippet:-1","max-image-preview":"max-image-preview:large","max-video-preview":"max-video-preview:-1"},"canonical":"https:\/\/divinespapr.com\/en\/contacto\/","og_locale":"en_US","og_type":"article","og_title":"Contacto ~ Divine Spa","og_url":"https:\/\/divinespapr.com\/en\/contacto\/","og_site_name":"Divine Spa","article_publisher":"https:\/\/www.facebook.com\/divinespapr","article_modified_time":"2021-01-18T13:40:57+00:00","twitter_card":"summary_large_image","twitter_site":"@sq_divinespa","twitter_misc":{"Est. reading time":"1 minute"},"schema":{"@context":"https:\/\/schema.org","@graph":[{"@type":"WebPage","@id":"https:\/\/divinespapr.com\/contacto\/","url":"https:\/\/divinespapr.com\/contacto\/","name":"Contacto ~ Divine Spa","isPartOf":{"@id":"https:\/\/divinespapr.com\/#website"},"datePublished":"2020-11-05T15:49:10+00:00","dateModified":"2021-01-18T13:40:57+00:00","breadcrumb":{"@id":"https:\/\/divinespapr.com\/contacto\/#breadcrumb"},"inLanguage":"en-US","potentialAction":[{"@type":"ReadAction","target":["https:\/\/divinespapr.com\/contacto\/"]}]},{"@type":"BreadcrumbList","@id":"https:\/\/divinespapr.com\/contacto\/#breadcrumb","itemListElement":[{"@type":"ListItem","position":1,"name":"Home","item":"https:\/\/divinespapr.com\/"},{"@type":"ListItem","position":2,"name":"Contacto"}]},{"@type":"WebSite","@id":"https:\/\/divinespapr.com\/#website","url":"https:\/\/divinespapr.com\/","name":"Divine Spa","description":"","publisher":{"@id":"https:\/\/divinespapr.com\/#organization"},"potentialAction":[{"@type":"SearchAction","target":{"@type":"EntryPoint","urlTemplate":"https:\/\/divinespapr.com\/?s={search_term_string}"},"query-input":"required name=search_term_string"}],"inLanguage":"en-US"},{"@type":"Organization","@id":"https:\/\/divinespapr.com\/#organization","name":"Divine Spa","url":"https:\/\/divinespapr.com\/","logo":{"@type":"ImageObject","inLanguage":"en-US","@id":"https:\/\/divinespapr.com\/#\/schema\/logo\/image\/","url":"https:\/\/divinespapr.com\/wp-content\/uploads\/2020\/12\/cropped-Divine_Spa_Logo2.png","contentUrl":"https:\/\/divinespapr.com\/wp-content\/uploads\/2020\/12\/cropped-Divine_Spa_Logo2.png","width":512,"height":512,"caption":"Divine Spa"},"image":{"@id":"https:\/\/divinespapr.com\/#\/schema\/logo\/image\/"},"sameAs":["https:\/\/www.facebook.com\/divinespapr","https:\/\/twitter.com\/sq_divinespa","https:\/\/www.instagram.com\/divinespaponce\/"]}]}},"_links":{"self":[{"href":"https:\/\/divinespapr.com\/en\/wp-json\/wp\/v2\/pages\/32"}],"collection":[{"href":"https:\/\/divinespapr.com\/en\/wp-json\/wp\/v2\/pages"}],"about":[{"href":"https:\/\/divinespapr.com\/en\/wp-json\/wp\/v2\/types\/page"}],"author":[{"embeddable":true,"href":"https:\/\/divinespapr.com\/en\/wp-json\/wp\/v2\/users\/2"}],"replies":[{"embeddable":true,"href":"https:\/\/divinespapr.com\/en\/wp-json\/wp\/v2\/comments?post=32"}],"version-history":[{"count":20,"href":"https:\/\/divinespapr.com\/en\/wp-json\/wp\/v2\/pages\/32\/revisions"}],"predecessor-version":[{"id":428,"href":"https:\/\/divinespapr.com\/en\/wp-json\/wp\/v2\/pages\/32\/revisions\/428"}],"wp:attachment":[{"href":"https:\/\/divinespapr.com\/en\/wp-json\/wp\/v2\/media?parent=32"}],"curies":[{"name":"wp","href":"https:\/\/api.w.org\/{rel}","templated":true}]}}