{"id":23,"date":"2020-11-05T14:11:24","date_gmt":"2020-11-05T14:11:24","guid":{"rendered":"http:\/\/divinespapr.kalehm.com\/?page_id=23"},"modified":"2021-01-11T12:34:34","modified_gmt":"2021-01-11T12:34:34","slug":"nuestros-clientes-opinan","status":"publish","type":"page","link":"https:\/\/divinespapr.com\/en\/nuestros-clientes-opinan\/","title":{"rendered":"Nuestros Clientes Opinan"},"content":{"rendered":"<div class=\"banner has-hover\" id=\"banner-1296129508\">\n          <div class=\"banner-inner fill\">\n        <div class=\"banner-bg fill\" >\n            <div class=\"bg fill bg-fill\"><\/div>\n                        <div class=\"overlay\"><\/div>            \n                    <\/div><!-- bg-layers -->\n        <div class=\"banner-layers container\">\n            <div class=\"fill banner-link\"><\/div>            \n\n   <div id=\"text-box-1560133252\" class=\"text-box banner-layer x50 md-x50 lg-x50 y50 md-y50 lg-y50 res-text\">\n                                <div class=\"text box-shadow-2 box-shadow-3-hover dark text-shadow-3\">\n              \n              <div class=\"text-inner text-center\">\n                  \n\n<h1 class=\"alt-font\">Nuestros Clientes Opinan<\/h1>\n<h5><\/h5>\n\n              <\/div>\n           <\/div><!-- text-box-inner -->\n                            \n<style scope=\"scope\">\n\n#text-box-1560133252 .text {\n  background-color: rgba(47, 87, 22, 0.5);\n  border-radius: 75px;\n  font-size: 100%;\n}\n#text-box-1560133252 .text-inner {\n  padding: 3px 0px 3px 0px;\n}\n#text-box-1560133252 {\n  width: 60%;\n}\n<\/style>\n    <\/div><!-- text-box -->\n \n\n        <\/div><!-- .banner-layers -->\n      <\/div><!-- .banner-inner -->\n\n            \n<style scope=\"scope\">\n\n#banner-1296129508 {\n  padding-top: 300px;\n}\n#banner-1296129508 .bg.bg-loaded {\n  background-image: url(https:\/\/divinespapr.com\/wp-content\/uploads\/2020\/11\/girl-on-massage-in-the-spa-salon-1024x683.jpg);\n}\n#banner-1296129508 .overlay {\n  background-color: rgba(0, 0, 0, 0.3);\n}\n#banner-1296129508 .bg {\n  background-position: 0% 68%;\n}\n<\/style>\n  <\/div><!-- .banner -->\n\n\n<div class=\"container section-title-container\" ><h2 class=\"section-title section-title-bold\"><b><\/b><span class=\"section-title-main\" ><i class=\"icon-user\" ><\/i>Clientes<\/span><b><\/b><\/h2><\/div><!-- .section-title -->\n\n<div class=\"row row-small align-equal align-center row-box-shadow-2 row-box-shadow-5-hover\"  id=\"row-2064866229\">\n\n<div class=\"col medium-4 small-12 large-4\"  ><div class=\"col-inner\"  >\n\n  <div class=\"icon-box testimonial-box icon-box-center text-center\">\n                <div class=\"icon-box-img testimonial-image circle\" style=\"width: 121px\">\n                      <\/div>\n                <div class=\"icon-box-text p-last-0\">\n          <div class=\"star-rating\"><span style=\"width:100%\"><strong class=\"rating\"><\/strong><\/span><\/div>  \t\t\t\t<div class=\"testimonial-text line-height-small italic test_text first-reset last-reset is-italic\">\n            \n\n<p>Espectacular servicio en su totalidad. Llev\u00e9 a mi esposa como regalo para ella y sali\u00f3 complacida en todos los aspectos. Ambiente tranquilo, relajado y de amabilidad. Precios razonables y la atenci\u00f3n y orientaci\u00f3n para cada tratamiento y cuidado de tu cuerpo de primera. Recomendado&nbsp;\ud83d\udc4d\ud83d\udcaf&nbsp;<\/p>\n\n          <\/div>\n          <div class=\"testimonial-meta pt-half\">\n             <strong class=\"testimonial-name test_name\">Mrtz Anthony<\/strong>\n                          <span class=\"testimonial-company test_company\"><\/span>\n          <\/div>\n        <\/div>\n  <\/div><!-- .icon-box -->\n\n  \n\n<\/div><\/div>\n<div class=\"col medium-4 small-12 large-4\"  ><div class=\"col-inner\"  >\n\n  <div class=\"icon-box testimonial-box icon-box-center text-center\">\n                <div class=\"icon-box-img testimonial-image circle\" style=\"width: 121px\">\n                      <\/div>\n                <div class=\"icon-box-text p-last-0\">\n          <div class=\"star-rating\"><span style=\"width:100%\"><strong class=\"rating\"><\/strong><\/span><\/div>  \t\t\t\t<div class=\"testimonial-text line-height-small italic test_text first-reset last-reset is-italic\">\n            \n\n<div class=\"e-box h-p2 -stacked -radius-none\">\n<p class=\"t-body h-my1\">Divine, I recommend it, I've been with them for years, and the offers you buy honor them. The best hands are there to serve you. I am 61 years old and Divine Spa controls my old age.<\/p>\n<\/div>\n\n          <\/div>\n          <div class=\"testimonial-meta pt-half\">\n             <strong class=\"testimonial-name test_name\">Nixida Berm\u00fadez<\/strong>\n                          <span class=\"testimonial-company test_company\"><\/span>\n          <\/div>\n        <\/div>\n  <\/div><!-- .icon-box -->\n\n  \n\n<\/div><\/div>\n<div class=\"col medium-4 small-12 large-4\"  ><div class=\"col-inner\"  >\n\n  <div class=\"icon-box testimonial-box icon-box-center text-center\">\n                <div class=\"icon-box-img testimonial-image circle\" style=\"width: 121px\">\n                      <\/div>\n                <div class=\"icon-box-text p-last-0\">\n          <div class=\"star-rating\"><span style=\"width:100%\"><strong class=\"rating\"><\/strong><\/span><\/div>  \t\t\t\t<div class=\"testimonial-text line-height-small italic test_text first-reset last-reset is-italic\">\n            \n\n<p>Divine Spa, I have had the pleasure of visiting them and I also have an excellent experience, highly recommended.<\/p>\n\n          <\/div>\n          <div class=\"testimonial-meta pt-half\">\n             <strong class=\"testimonial-name test_name\">Shirley Roig<\/strong>\n                          <span class=\"testimonial-company test_company\"><\/span>\n          <\/div>\n        <\/div>\n  <\/div><!-- .icon-box -->\n\n  \n\n<\/div><\/div>\n<div class=\"col medium-4 small-12 large-4\"  ><div class=\"col-inner\"  >\n\n  <div class=\"icon-box testimonial-box icon-box-center text-center\">\n                <div class=\"icon-box-img testimonial-image circle\" style=\"width: 121px\">\n                      <\/div>\n                <div class=\"icon-box-text p-last-0\">\n          <div class=\"star-rating\"><span style=\"width:100%\"><strong class=\"rating\"><\/strong><\/span><\/div>  \t\t\t\t<div class=\"testimonial-text line-height-small italic test_text first-reset last-reset is-italic\">\n            \n\n<p>Super Relaxing!! I loved the whole place, super cozy the perfect lighting ... and the staff couldn't be better ... excellent ...<\/p>\n\n          <\/div>\n          <div class=\"testimonial-meta pt-half\">\n             <strong class=\"testimonial-name test_name\">Carmen Pag\u00e1n<\/strong>\n                          <span class=\"testimonial-company test_company\"><\/span>\n          <\/div>\n        <\/div>\n  <\/div><!-- .icon-box -->\n\n  \n\n<\/div><\/div>\n<div class=\"col medium-4 small-12 large-4\"  ><div class=\"col-inner\"  >\n\n  <div class=\"icon-box testimonial-box icon-box-center text-center\">\n                <div class=\"icon-box-img testimonial-image circle\" style=\"width: 121px\">\n                      <\/div>\n                <div class=\"icon-box-text p-last-0\">\n          <div class=\"star-rating\"><span style=\"width:100%\"><strong class=\"rating\"><\/strong><\/span><\/div>  \t\t\t\t<div class=\"testimonial-text line-height-small italic test_text first-reset last-reset is-italic\">\n            \n\n<p>Service like its name, healing hands, excellent service and punctuality.<\/p>\n\n          <\/div>\n          <div class=\"testimonial-meta pt-half\">\n             <strong class=\"testimonial-name test_name\">Joe Fern\u00e1ndez<\/strong>\n                          <span class=\"testimonial-company test_company\"><\/span>\n          <\/div>\n        <\/div>\n  <\/div><!-- .icon-box -->\n\n  \n\n<\/div><\/div>\n\n\n<style scope=\"scope\">\n\n#row-2064866229 > .col > .col-inner {\n  padding: 30px 30px 30px 30px;\n  background-color: rgb(255, 255, 255);\n}\n<\/style>\n<\/div>\n\t<div id=\"gap-488730838\" class=\"gap-element clearfix\" style=\"display:block; height:auto;\">\n\t\t\n<style scope=\"scope\">\n\n#gap-488730838 {\n  padding-top: 15px;\n}\n<\/style>\n\t<\/div>","protected":false},"excerpt":{"rendered":"","protected":false},"author":2,"featured_media":0,"parent":0,"menu_order":0,"comment_status":"closed","ping_status":"closed","template":"","meta":{"footnotes":""},"yoast_head":"<!-- This site is optimized with the Yoast SEO plugin v21.9.1 - https:\/\/yoast.com\/wordpress\/plugins\/seo\/ -->\n<title>Nuestros Clientes Opinan ~ Divine Spa<\/title>\n<meta name=\"robots\" content=\"index, follow, max-snippet:-1, max-image-preview:large, max-video-preview:-1\" \/>\n<link rel=\"canonical\" href=\"https:\/\/divinespapr.com\/en\/nuestros-clientes-opinan\/\" \/>\n<meta property=\"og:locale\" content=\"en_US\" \/>\n<meta property=\"og:type\" content=\"article\" \/>\n<meta property=\"og:title\" content=\"Nuestros Clientes Opinan ~ Divine Spa\" \/>\n<meta property=\"og:url\" content=\"https:\/\/divinespapr.com\/en\/nuestros-clientes-opinan\/\" \/>\n<meta property=\"og:site_name\" content=\"Divine Spa\" \/>\n<meta property=\"article:publisher\" content=\"https:\/\/www.facebook.com\/divinespapr\" \/>\n<meta property=\"article:modified_time\" content=\"2021-01-11T12:34:34+00:00\" \/>\n<meta name=\"twitter:card\" content=\"summary_large_image\" \/>\n<meta name=\"twitter:site\" content=\"@sq_divinespa\" \/>\n<meta name=\"twitter:label1\" content=\"Est. reading time\" \/>\n\t<meta name=\"twitter:data1\" content=\"1 minute\" \/>\n<script type=\"application\/ld+json\" class=\"yoast-schema-graph\">{\"@context\":\"https:\/\/schema.org\",\"@graph\":[{\"@type\":\"WebPage\",\"@id\":\"https:\/\/divinespapr.com\/en\/nuestros-clientes-opinan\/\",\"url\":\"https:\/\/divinespapr.com\/en\/nuestros-clientes-opinan\/\",\"name\":\"Nuestros Clientes Opinan ~ Divine Spa\",\"isPartOf\":{\"@id\":\"https:\/\/divinespapr.com\/#website\"},\"datePublished\":\"2020-11-05T14:11:24+00:00\",\"dateModified\":\"2021-01-11T12:34:34+00:00\",\"breadcrumb\":{\"@id\":\"https:\/\/divinespapr.com\/en\/nuestros-clientes-opinan\/#breadcrumb\"},\"inLanguage\":\"en-US\",\"potentialAction\":[{\"@type\":\"ReadAction\",\"target\":[\"https:\/\/divinespapr.com\/en\/nuestros-clientes-opinan\/\"]}]},{\"@type\":\"BreadcrumbList\",\"@id\":\"https:\/\/divinespapr.com\/en\/nuestros-clientes-opinan\/#breadcrumb\",\"itemListElement\":[{\"@type\":\"ListItem\",\"position\":1,\"name\":\"Home\",\"item\":\"https:\/\/divinespapr.com\/\"},{\"@type\":\"ListItem\",\"position\":2,\"name\":\"Nuestros Clientes Opinan\"}]},{\"@type\":\"WebSite\",\"@id\":\"https:\/\/divinespapr.com\/#website\",\"url\":\"https:\/\/divinespapr.com\/\",\"name\":\"Divine Spa\",\"description\":\"\",\"publisher\":{\"@id\":\"https:\/\/divinespapr.com\/#organization\"},\"potentialAction\":[{\"@type\":\"SearchAction\",\"target\":{\"@type\":\"EntryPoint\",\"urlTemplate\":\"https:\/\/divinespapr.com\/?s={search_term_string}\"},\"query-input\":\"required name=search_term_string\"}],\"inLanguage\":\"en-US\"},{\"@type\":\"Organization\",\"@id\":\"https:\/\/divinespapr.com\/#organization\",\"name\":\"Divine Spa\",\"url\":\"https:\/\/divinespapr.com\/\",\"logo\":{\"@type\":\"ImageObject\",\"inLanguage\":\"en-US\",\"@id\":\"https:\/\/divinespapr.com\/#\/schema\/logo\/image\/\",\"url\":\"https:\/\/divinespapr.com\/wp-content\/uploads\/2020\/12\/cropped-Divine_Spa_Logo2.png\",\"contentUrl\":\"https:\/\/divinespapr.com\/wp-content\/uploads\/2020\/12\/cropped-Divine_Spa_Logo2.png\",\"width\":512,\"height\":512,\"caption\":\"Divine Spa\"},\"image\":{\"@id\":\"https:\/\/divinespapr.com\/#\/schema\/logo\/image\/\"},\"sameAs\":[\"https:\/\/www.facebook.com\/divinespapr\",\"https:\/\/twitter.com\/sq_divinespa\",\"https:\/\/www.instagram.com\/divinespaponce\/\"]}]}<\/script>\n<!-- \/ Yoast SEO plugin. -->","yoast_head_json":{"title":"Nuestros Clientes Opinan ~ Divine Spa","robots":{"index":"index","follow":"follow","max-snippet":"max-snippet:-1","max-image-preview":"max-image-preview:large","max-video-preview":"max-video-preview:-1"},"canonical":"https:\/\/divinespapr.com\/en\/nuestros-clientes-opinan\/","og_locale":"en_US","og_type":"article","og_title":"Nuestros Clientes Opinan ~ Divine Spa","og_url":"https:\/\/divinespapr.com\/en\/nuestros-clientes-opinan\/","og_site_name":"Divine Spa","article_publisher":"https:\/\/www.facebook.com\/divinespapr","article_modified_time":"2021-01-11T12:34:34+00:00","twitter_card":"summary_large_image","twitter_site":"@sq_divinespa","twitter_misc":{"Est. reading time":"1 minute"},"schema":{"@context":"https:\/\/schema.org","@graph":[{"@type":"WebPage","@id":"https:\/\/divinespapr.com\/en\/nuestros-clientes-opinan\/","url":"https:\/\/divinespapr.com\/en\/nuestros-clientes-opinan\/","name":"Nuestros Clientes Opinan ~ Divine Spa","isPartOf":{"@id":"https:\/\/divinespapr.com\/#website"},"datePublished":"2020-11-05T14:11:24+00:00","dateModified":"2021-01-11T12:34:34+00:00","breadcrumb":{"@id":"https:\/\/divinespapr.com\/en\/nuestros-clientes-opinan\/#breadcrumb"},"inLanguage":"en-US","potentialAction":[{"@type":"ReadAction","target":["https:\/\/divinespapr.com\/en\/nuestros-clientes-opinan\/"]}]},{"@type":"BreadcrumbList","@id":"https:\/\/divinespapr.com\/en\/nuestros-clientes-opinan\/#breadcrumb","itemListElement":[{"@type":"ListItem","position":1,"name":"Home","item":"https:\/\/divinespapr.com\/"},{"@type":"ListItem","position":2,"name":"Nuestros Clientes Opinan"}]},{"@type":"WebSite","@id":"https:\/\/divinespapr.com\/#website","url":"https:\/\/divinespapr.com\/","name":"Divine Spa","description":"","publisher":{"@id":"https:\/\/divinespapr.com\/#organization"},"potentialAction":[{"@type":"SearchAction","target":{"@type":"EntryPoint","urlTemplate":"https:\/\/divinespapr.com\/?s={search_term_string}"},"query-input":"required name=search_term_string"}],"inLanguage":"en-US"},{"@type":"Organization","@id":"https:\/\/divinespapr.com\/#organization","name":"Divine Spa","url":"https:\/\/divinespapr.com\/","logo":{"@type":"ImageObject","inLanguage":"en-US","@id":"https:\/\/divinespapr.com\/#\/schema\/logo\/image\/","url":"https:\/\/divinespapr.com\/wp-content\/uploads\/2020\/12\/cropped-Divine_Spa_Logo2.png","contentUrl":"https:\/\/divinespapr.com\/wp-content\/uploads\/2020\/12\/cropped-Divine_Spa_Logo2.png","width":512,"height":512,"caption":"Divine Spa"},"image":{"@id":"https:\/\/divinespapr.com\/#\/schema\/logo\/image\/"},"sameAs":["https:\/\/www.facebook.com\/divinespapr","https:\/\/twitter.com\/sq_divinespa","https:\/\/www.instagram.com\/divinespaponce\/"]}]}},"_links":{"self":[{"href":"https:\/\/divinespapr.com\/en\/wp-json\/wp\/v2\/pages\/23"}],"collection":[{"href":"https:\/\/divinespapr.com\/en\/wp-json\/wp\/v2\/pages"}],"about":[{"href":"https:\/\/divinespapr.com\/en\/wp-json\/wp\/v2\/types\/page"}],"author":[{"embeddable":true,"href":"https:\/\/divinespapr.com\/en\/wp-json\/wp\/v2\/users\/2"}],"replies":[{"embeddable":true,"href":"https:\/\/divinespapr.com\/en\/wp-json\/wp\/v2\/comments?post=23"}],"version-history":[{"count":33,"href":"https:\/\/divinespapr.com\/en\/wp-json\/wp\/v2\/pages\/23\/revisions"}],"predecessor-version":[{"id":398,"href":"https:\/\/divinespapr.com\/en\/wp-json\/wp\/v2\/pages\/23\/revisions\/398"}],"wp:attachment":[{"href":"https:\/\/divinespapr.com\/en\/wp-json\/wp\/v2\/media?parent=23"}],"curies":[{"name":"wp","href":"https:\/\/api.w.org\/{rel}","templated":true}]}}